{"id":57,"date":"2023-03-17T14:27:41","date_gmt":"2023-03-17T13:27:41","guid":{"rendered":"https:\/\/vyseo.fr\/?post_type=product&#038;p=57"},"modified":"2026-04-08T12:13:59","modified_gmt":"2026-04-08T10:13:59","slug":"gel-nettoyant","status":"publish","type":"product","link":"https:\/\/vyseo.fr\/fr\/boutique\/gel-nettoyant\/","title":{"rendered":"Gel Nettoyant"},"content":{"rendered":"<p>Appliquer matin et\/ou soir en respectant les \u00e9tapes suivantes:<\/p>\n<ol>\n<li>Humidifier les paupi\u00e8res<\/li>\n<li>D\u00e9poser le gel sur le bout des doigts<\/li>\n<li>Fermer les yeux et masser d\u00e9licatement les paupi\u00e8res et les cils<\/li>\n<li>Rincer abondamment \u00e0 l\u2019eau<\/li>\n<\/ol>\n","protected":false},"excerpt":{"rendered":"<p>Flacon de 50ml avec pompe Airless<\/p>\n<h2><strong>Pourquoi utiliser un gel nettoyant pour les yeux ?<br \/>\n<\/strong><\/h2>\n<p>Le monde moderne met les yeux \u00e0 rude \u00e9preuve : Les yeux sont quotidiennement soumis \u00e0 de nombreuses agressions comme le maquillage, la pollution, le port de lentilles, l\u2019air conditionn\u00e9 ou les \u00e9crans.<\/p>\n<p>C\u2019est pourquoi les ophtalmologistes recommandent \u00e0 tous une bonne hygi\u00e8ne des paupi\u00e8res et des cils pour \u00e9viter tout risque d\u2019inconfort oculaire. L\u2019hygi\u00e8ne est d\u2019autant plus importante pour les yeux secs, sensibles et les porteurs de lentilles car fragilis\u00e9s et plus expos\u00e9s aux risques d\u2019affections oculaires.<\/p>\n<p>Fabriqu\u00e9 en France.<\/p>\n","protected":false},"featured_media":24551,"comment_status":"open","ping_status":"closed","template":"","meta":{"_acf_changed":false,"_et_pb_use_builder":"off","_et_pb_old_content":"Appliquer matin et\/ou soir en respectant les \u00e9tapes suivantes:\r\n<ol>\r\n \t<li>Humidifier les paupi\u00e8res<\/li>\r\n \t<li>D\u00e9poser le gel sur le bout des doigts<\/li>\r\n \t<li>Fermer les yeux et masser d\u00e9licatement les paupi\u00e8res et les cils<\/li>\r\n \t<li>Rincer abondamment \u00e0 l\u2019eau<\/li>\r\n \t<li>Ne pas utiliser avec une brosse \u00e0 dents<\/li>\r\n<\/ol>","_et_gb_content_width":""},"product_cat":[63,34,23],"product_tag":[],"class_list":{"0":"post-57","1":"product","2":"type-product","3":"status-publish","4":"has-post-thumbnail","6":"product_cat-hygiene-des-yeux","7":"product_cat-vedette","8":"product_cat-yeux-secs","10":"first","11":"instock","12":"taxable","13":"shipping-taxable","14":"purchasable","15":"product-type-simple"},"acf":[],"yoast_head":"<!-- This site is optimized with the Yoast SEO plugin v24.2 - https:\/\/yoast.com\/wordpress\/plugins\/seo\/ -->\n<title>Gel Nettoyant - Vyseo<\/title>\n<meta name=\"robots\" content=\"index, follow, max-snippet:-1, max-image-preview:large, max-video-preview:-1\" \/>\n<link rel=\"canonical\" href=\"https:\/\/vyseo.fr\/fr\/boutique\/gel-nettoyant\/\" \/>\n<meta property=\"og:locale\" content=\"fr_FR\" \/>\n<meta property=\"og:type\" content=\"article\" \/>\n<meta property=\"og:title\" content=\"Gel Nettoyant - Vyseo\" \/>\n<meta property=\"og:description\" content=\"Flacon de 50ml avec pompe Airless Pourquoi utiliser un gel nettoyant pour les yeux ?  Le monde moderne met les yeux \u00e0 rude \u00e9preuve : Les yeux sont quotidiennement soumis \u00e0 de nombreuses agressions comme le maquillage, la pollution, le port de lentilles, l\u2019air conditionn\u00e9 ou les \u00e9crans.  C\u2019est pourquoi les ophtalmologistes recommandent \u00e0 tous une bonne hygi\u00e8ne des paupi\u00e8res et des cils pour \u00e9viter tout risque d\u2019inconfort oculaire. L\u2019hygi\u00e8ne est d\u2019autant plus importante pour les yeux secs, sensibles et les porteurs de lentilles car fragilis\u00e9s et plus expos\u00e9s aux risques d\u2019affections oculaires.  Fabriqu\u00e9 en France.\" \/>\n<meta property=\"og:url\" content=\"https:\/\/vyseo.fr\/fr\/boutique\/gel-nettoyant\/\" \/>\n<meta property=\"og:site_name\" content=\"Vyseo\" \/>\n<meta property=\"article:modified_time\" content=\"2026-04-08T10:13:59+00:00\" \/>\n<meta property=\"og:image\" content=\"https:\/\/vyseo.fr\/wp-content\/uploads\/2023\/03\/GEL-NETTOYANT-yeux-1.jpg\" \/>\n\t<meta property=\"og:image:width\" content=\"800\" \/>\n\t<meta property=\"og:image:height\" content=\"800\" \/>\n\t<meta property=\"og:image:type\" content=\"image\/jpeg\" \/>\n<meta name=\"twitter:card\" content=\"summary_large_image\" \/>\n<meta name=\"twitter:label1\" content=\"Dur\u00e9e de lecture estim\u00e9e\" \/>\n\t<meta name=\"twitter:data1\" content=\"1 minute\" \/>\n<script type=\"application\/ld+json\" class=\"yoast-schema-graph\">{\"@context\":\"https:\/\/schema.org\",\"@graph\":[{\"@type\":\"WebPage\",\"@id\":\"https:\/\/vyseo.fr\/boutique\/gel-nettoyant\/\",\"url\":\"https:\/\/vyseo.fr\/boutique\/gel-nettoyant\/\",\"name\":\"Gel Nettoyant - Vyseo\",\"isPartOf\":{\"@id\":\"https:\/\/vyseo.fr\/#website\"},\"primaryImageOfPage\":{\"@id\":\"https:\/\/vyseo.fr\/boutique\/gel-nettoyant\/#primaryimage\"},\"image\":{\"@id\":\"https:\/\/vyseo.fr\/boutique\/gel-nettoyant\/#primaryimage\"},\"thumbnailUrl\":\"https:\/\/vyseo.fr\/wp-content\/uploads\/2023\/03\/GEL-NETTOYANT-yeux-1.jpg\",\"datePublished\":\"2023-03-17T13:27:41+00:00\",\"dateModified\":\"2026-04-08T10:13:59+00:00\",\"breadcrumb\":{\"@id\":\"https:\/\/vyseo.fr\/boutique\/gel-nettoyant\/#breadcrumb\"},\"inLanguage\":\"fr-FR\",\"potentialAction\":[{\"@type\":\"ReadAction\",\"target\":[\"https:\/\/vyseo.fr\/boutique\/gel-nettoyant\/\"]}]},{\"@type\":\"ImageObject\",\"inLanguage\":\"fr-FR\",\"@id\":\"https:\/\/vyseo.fr\/boutique\/gel-nettoyant\/#primaryimage\",\"url\":\"https:\/\/vyseo.fr\/wp-content\/uploads\/2023\/03\/GEL-NETTOYANT-yeux-1.jpg\",\"contentUrl\":\"https:\/\/vyseo.fr\/wp-content\/uploads\/2023\/03\/GEL-NETTOYANT-yeux-1.jpg\",\"width\":800,\"height\":800},{\"@type\":\"BreadcrumbList\",\"@id\":\"https:\/\/vyseo.fr\/boutique\/gel-nettoyant\/#breadcrumb\",\"itemListElement\":[{\"@type\":\"ListItem\",\"position\":1,\"name\":\"Accueil\",\"item\":\"https:\/\/vyseo.fr\/\"},{\"@type\":\"ListItem\",\"position\":2,\"name\":\"Boutique\",\"item\":\"https:\/\/vyseo.fr\/boutique\/\"},{\"@type\":\"ListItem\",\"position\":3,\"name\":\"Gel Nettoyant\"}]},{\"@type\":\"WebSite\",\"@id\":\"https:\/\/vyseo.fr\/#website\",\"url\":\"https:\/\/vyseo.fr\/\",\"name\":\"Vyseo\",\"description\":\"Le confort oculaire pour tous\",\"publisher\":{\"@id\":\"https:\/\/vyseo.fr\/#organization\"},\"potentialAction\":[{\"@type\":\"SearchAction\",\"target\":{\"@type\":\"EntryPoint\",\"urlTemplate\":\"https:\/\/vyseo.fr\/?s={search_term_string}\"},\"query-input\":{\"@type\":\"PropertyValueSpecification\",\"valueRequired\":true,\"valueName\":\"search_term_string\"}}],\"inLanguage\":\"fr-FR\"},{\"@type\":\"Organization\",\"@id\":\"https:\/\/vyseo.fr\/#organization\",\"name\":\"Vyseo\",\"url\":\"https:\/\/vyseo.fr\/\",\"logo\":{\"@type\":\"ImageObject\",\"inLanguage\":\"fr-FR\",\"@id\":\"https:\/\/vyseo.fr\/#\/schema\/logo\/image\/\",\"url\":\"https:\/\/vyseo.fr\/wp-content\/uploads\/2023\/04\/logo-vyseo.png\",\"contentUrl\":\"https:\/\/vyseo.fr\/wp-content\/uploads\/2023\/04\/logo-vyseo.png\",\"width\":300,\"height\":120,\"caption\":\"Vyseo\"},\"image\":{\"@id\":\"https:\/\/vyseo.fr\/#\/schema\/logo\/image\/\"}}]}<\/script>\n<!-- \/ Yoast SEO plugin. -->","yoast_head_json":{"title":"Gel Nettoyant - Vyseo","robots":{"index":"index","follow":"follow","max-snippet":"max-snippet:-1","max-image-preview":"max-image-preview:large","max-video-preview":"max-video-preview:-1"},"canonical":"https:\/\/vyseo.fr\/fr\/boutique\/gel-nettoyant\/","og_locale":"fr_FR","og_type":"article","og_title":"Gel Nettoyant - Vyseo","og_description":"Flacon de 50ml avec pompe Airless Pourquoi utiliser un gel nettoyant pour les yeux ?  Le monde moderne met les yeux \u00e0 rude \u00e9preuve : Les yeux sont quotidiennement soumis \u00e0 de nombreuses agressions comme le maquillage, la pollution, le port de lentilles, l\u2019air conditionn\u00e9 ou les \u00e9crans.  C\u2019est pourquoi les ophtalmologistes recommandent \u00e0 tous une bonne hygi\u00e8ne des paupi\u00e8res et des cils pour \u00e9viter tout risque d\u2019inconfort oculaire. L\u2019hygi\u00e8ne est d\u2019autant plus importante pour les yeux secs, sensibles et les porteurs de lentilles car fragilis\u00e9s et plus expos\u00e9s aux risques d\u2019affections oculaires.  Fabriqu\u00e9 en France.","og_url":"https:\/\/vyseo.fr\/fr\/boutique\/gel-nettoyant\/","og_site_name":"Vyseo","article_modified_time":"2026-04-08T10:13:59+00:00","og_image":[{"width":800,"height":800,"url":"https:\/\/vyseo.fr\/wp-content\/uploads\/2023\/03\/GEL-NETTOYANT-yeux-1.jpg","type":"image\/jpeg"}],"twitter_card":"summary_large_image","twitter_misc":{"Dur\u00e9e de lecture estim\u00e9e":"1 minute"},"schema":{"@context":"https:\/\/schema.org","@graph":[{"@type":"WebPage","@id":"https:\/\/vyseo.fr\/boutique\/gel-nettoyant\/","url":"https:\/\/vyseo.fr\/boutique\/gel-nettoyant\/","name":"Gel Nettoyant - Vyseo","isPartOf":{"@id":"https:\/\/vyseo.fr\/#website"},"primaryImageOfPage":{"@id":"https:\/\/vyseo.fr\/boutique\/gel-nettoyant\/#primaryimage"},"image":{"@id":"https:\/\/vyseo.fr\/boutique\/gel-nettoyant\/#primaryimage"},"thumbnailUrl":"https:\/\/vyseo.fr\/wp-content\/uploads\/2023\/03\/GEL-NETTOYANT-yeux-1.jpg","datePublished":"2023-03-17T13:27:41+00:00","dateModified":"2026-04-08T10:13:59+00:00","breadcrumb":{"@id":"https:\/\/vyseo.fr\/boutique\/gel-nettoyant\/#breadcrumb"},"inLanguage":"fr-FR","potentialAction":[{"@type":"ReadAction","target":["https:\/\/vyseo.fr\/boutique\/gel-nettoyant\/"]}]},{"@type":"ImageObject","inLanguage":"fr-FR","@id":"https:\/\/vyseo.fr\/boutique\/gel-nettoyant\/#primaryimage","url":"https:\/\/vyseo.fr\/wp-content\/uploads\/2023\/03\/GEL-NETTOYANT-yeux-1.jpg","contentUrl":"https:\/\/vyseo.fr\/wp-content\/uploads\/2023\/03\/GEL-NETTOYANT-yeux-1.jpg","width":800,"height":800},{"@type":"BreadcrumbList","@id":"https:\/\/vyseo.fr\/boutique\/gel-nettoyant\/#breadcrumb","itemListElement":[{"@type":"ListItem","position":1,"name":"Accueil","item":"https:\/\/vyseo.fr\/"},{"@type":"ListItem","position":2,"name":"Boutique","item":"https:\/\/vyseo.fr\/boutique\/"},{"@type":"ListItem","position":3,"name":"Gel Nettoyant"}]},{"@type":"WebSite","@id":"https:\/\/vyseo.fr\/#website","url":"https:\/\/vyseo.fr\/","name":"Vyseo","description":"Le confort oculaire pour tous","publisher":{"@id":"https:\/\/vyseo.fr\/#organization"},"potentialAction":[{"@type":"SearchAction","target":{"@type":"EntryPoint","urlTemplate":"https:\/\/vyseo.fr\/?s={search_term_string}"},"query-input":{"@type":"PropertyValueSpecification","valueRequired":true,"valueName":"search_term_string"}}],"inLanguage":"fr-FR"},{"@type":"Organization","@id":"https:\/\/vyseo.fr\/#organization","name":"Vyseo","url":"https:\/\/vyseo.fr\/","logo":{"@type":"ImageObject","inLanguage":"fr-FR","@id":"https:\/\/vyseo.fr\/#\/schema\/logo\/image\/","url":"https:\/\/vyseo.fr\/wp-content\/uploads\/2023\/04\/logo-vyseo.png","contentUrl":"https:\/\/vyseo.fr\/wp-content\/uploads\/2023\/04\/logo-vyseo.png","width":300,"height":120,"caption":"Vyseo"},"image":{"@id":"https:\/\/vyseo.fr\/#\/schema\/logo\/image\/"}}]}},"_links":{"self":[{"href":"https:\/\/vyseo.fr\/fr\/wp-json\/wp\/v2\/product\/57","targetHints":{"allow":["GET"]}}],"collection":[{"href":"https:\/\/vyseo.fr\/fr\/wp-json\/wp\/v2\/product"}],"about":[{"href":"https:\/\/vyseo.fr\/fr\/wp-json\/wp\/v2\/types\/product"}],"replies":[{"embeddable":true,"href":"https:\/\/vyseo.fr\/fr\/wp-json\/wp\/v2\/comments?post=57"}],"wp:featuredmedia":[{"embeddable":true,"href":"https:\/\/vyseo.fr\/fr\/wp-json\/wp\/v2\/media\/24551"}],"wp:attachment":[{"href":"https:\/\/vyseo.fr\/fr\/wp-json\/wp\/v2\/media?parent=57"}],"wp:term":[{"taxonomy":"product_cat","embeddable":true,"href":"https:\/\/vyseo.fr\/fr\/wp-json\/wp\/v2\/product_cat?post=57"},{"taxonomy":"product_tag","embeddable":true,"href":"https:\/\/vyseo.fr\/fr\/wp-json\/wp\/v2\/product_tag?post=57"}],"curies":[{"name":"wp","href":"https:\/\/api.w.org\/{rel}","templated":true}]}}