{"id":35,"date":"2023-03-17T12:11:52","date_gmt":"2023-03-17T11:11:52","guid":{"rendered":"https:\/\/vyseo.fr\/?post_type=product&#038;p=35"},"modified":"2026-04-08T12:13:40","modified_gmt":"2026-04-08T10:13:40","slug":"blephacura","status":"publish","type":"product","link":"https:\/\/vyseo.fr\/fr\/boutique\/blephacura\/","title":{"rendered":"Blephacura"},"content":{"rendered":"<p>Appliquer matin et\/ou soir en respectant les \u00e9tapes suivantes:<\/p>\n<ol>\n<li>D\u00e9poser la suspension sur une compresse<\/li>\n<li>Appliquer la compresse sur la paupi\u00e8re ferm\u00e9e, et masser par des mouvements circulaires<\/li>\n<li>Oeil ouvert, nettoyer le bord de la paupi\u00e8re<\/li>\n<\/ol>\n<p>&nbsp;<\/p>\n","protected":false},"excerpt":{"rendered":"<p>Flacon de 70ml<\/p>\n<h2><strong>Nettoie et apaise les paupi\u00e8res sensibles<\/strong><\/h2>\n<p>L\u2019hygi\u00e8ne des paupi\u00e8res et des cils est recommand\u00e9e par les ophtalmologistes en compl\u00e9ment des traitements de bl\u00e9pharites, d\u2019\u0153il sec, d\u2019acn\u00e9 rosac\u00e9e, de dermite s\u00e9borrh\u00e9ique. Le massage doux et le soin du bord des paupi\u00e8res est sp\u00e9cialement adapt\u00e9 en cas de s\u00e9cheresse oculaire, tr\u00e8s fr\u00e9quemment li\u00e9e \u00e0 une obstruction des glandes de Meibomius.<\/p>\n<h2><strong>Un nettoyage tout en douceur<\/strong><\/h2>\n<p>\u00c9limination m\u00e9canique des impuret\u00e9s, des s\u00e9cr\u00e9tions et des cro\u00fbtes sans frotter.<\/p>\n<h2><strong>Un maximum de confort<\/strong><\/h2>\n<p>Des liposomes qui soulagent les inflammations\/irritations du bord des paupi\u00e8res.<\/p>\n","protected":false},"featured_media":24649,"comment_status":"open","ping_status":"closed","template":"","meta":{"_acf_changed":false,"_et_pb_use_builder":"","_et_pb_old_content":"","_et_gb_content_width":""},"product_cat":[34],"product_tag":[],"class_list":{"0":"post-35","1":"product","2":"type-product","3":"status-publish","4":"has-post-thumbnail","6":"product_cat-vedette","8":"first","9":"onbackorder","10":"taxable","11":"shipping-taxable","12":"purchasable","13":"product-type-simple"},"acf":[],"yoast_head":"<!-- This site is optimized with the Yoast SEO plugin v24.2 - https:\/\/yoast.com\/wordpress\/plugins\/seo\/ -->\n<title>Blephacura - Vyseo<\/title>\n<meta name=\"robots\" content=\"index, follow, max-snippet:-1, max-image-preview:large, max-video-preview:-1\" \/>\n<link rel=\"canonical\" href=\"https:\/\/vyseo.fr\/fr\/boutique\/blephacura\/\" \/>\n<meta property=\"og:locale\" content=\"fr_FR\" \/>\n<meta property=\"og:type\" content=\"article\" \/>\n<meta property=\"og:title\" content=\"Blephacura - Vyseo\" \/>\n<meta property=\"og:description\" content=\"Flacon de 70ml Nettoie et apaise les paupi\u00e8res sensibles L\u2019hygi\u00e8ne des paupi\u00e8res et des cils est recommand\u00e9e par les ophtalmologistes en compl\u00e9ment des traitements de bl\u00e9pharites, d\u2019\u0153il sec, d\u2019acn\u00e9 rosac\u00e9e, de dermite s\u00e9borrh\u00e9ique. Le massage doux et le soin du bord des paupi\u00e8res est sp\u00e9cialement adapt\u00e9 en cas de s\u00e9cheresse oculaire, tr\u00e8s fr\u00e9quemment li\u00e9e \u00e0 une obstruction des glandes de Meibomius. Un nettoyage tout en douceur \u00c9limination m\u00e9canique des impuret\u00e9s, des s\u00e9cr\u00e9tions et des cro\u00fbtes sans frotter. Un maximum de confort Des liposomes qui soulagent les inflammations\/irritations du bord des paupi\u00e8res.\" \/>\n<meta property=\"og:url\" content=\"https:\/\/vyseo.fr\/fr\/boutique\/blephacura\/\" \/>\n<meta property=\"og:site_name\" content=\"Vyseo\" \/>\n<meta property=\"article:modified_time\" content=\"2026-04-08T10:13:40+00:00\" \/>\n<meta property=\"og:image\" content=\"https:\/\/vyseo.fr\/wp-content\/uploads\/2023\/03\/blephacura.jpg\" \/>\n\t<meta property=\"og:image:width\" content=\"800\" \/>\n\t<meta property=\"og:image:height\" content=\"800\" \/>\n\t<meta property=\"og:image:type\" content=\"image\/jpeg\" \/>\n<meta name=\"twitter:card\" content=\"summary_large_image\" \/>\n<meta name=\"twitter:label1\" content=\"Dur\u00e9e de lecture estim\u00e9e\" \/>\n\t<meta name=\"twitter:data1\" content=\"1 minute\" \/>\n<script type=\"application\/ld+json\" class=\"yoast-schema-graph\">{\"@context\":\"https:\/\/schema.org\",\"@graph\":[{\"@type\":\"WebPage\",\"@id\":\"https:\/\/vyseo.fr\/boutique\/blephacura\/\",\"url\":\"https:\/\/vyseo.fr\/boutique\/blephacura\/\",\"name\":\"Blephacura - Vyseo\",\"isPartOf\":{\"@id\":\"https:\/\/vyseo.fr\/#website\"},\"primaryImageOfPage\":{\"@id\":\"https:\/\/vyseo.fr\/boutique\/blephacura\/#primaryimage\"},\"image\":{\"@id\":\"https:\/\/vyseo.fr\/boutique\/blephacura\/#primaryimage\"},\"thumbnailUrl\":\"https:\/\/vyseo.fr\/wp-content\/uploads\/2023\/03\/blephacura.jpg\",\"datePublished\":\"2023-03-17T11:11:52+00:00\",\"dateModified\":\"2026-04-08T10:13:40+00:00\",\"breadcrumb\":{\"@id\":\"https:\/\/vyseo.fr\/boutique\/blephacura\/#breadcrumb\"},\"inLanguage\":\"fr-FR\",\"potentialAction\":[{\"@type\":\"ReadAction\",\"target\":[\"https:\/\/vyseo.fr\/boutique\/blephacura\/\"]}]},{\"@type\":\"ImageObject\",\"inLanguage\":\"fr-FR\",\"@id\":\"https:\/\/vyseo.fr\/boutique\/blephacura\/#primaryimage\",\"url\":\"https:\/\/vyseo.fr\/wp-content\/uploads\/2023\/03\/blephacura.jpg\",\"contentUrl\":\"https:\/\/vyseo.fr\/wp-content\/uploads\/2023\/03\/blephacura.jpg\",\"width\":800,\"height\":800},{\"@type\":\"BreadcrumbList\",\"@id\":\"https:\/\/vyseo.fr\/boutique\/blephacura\/#breadcrumb\",\"itemListElement\":[{\"@type\":\"ListItem\",\"position\":1,\"name\":\"Accueil\",\"item\":\"https:\/\/vyseo.fr\/\"},{\"@type\":\"ListItem\",\"position\":2,\"name\":\"Boutique\",\"item\":\"https:\/\/vyseo.fr\/boutique\/\"},{\"@type\":\"ListItem\",\"position\":3,\"name\":\"Blephacura\"}]},{\"@type\":\"WebSite\",\"@id\":\"https:\/\/vyseo.fr\/#website\",\"url\":\"https:\/\/vyseo.fr\/\",\"name\":\"Vyseo\",\"description\":\"Le confort oculaire pour tous\",\"publisher\":{\"@id\":\"https:\/\/vyseo.fr\/#organization\"},\"potentialAction\":[{\"@type\":\"SearchAction\",\"target\":{\"@type\":\"EntryPoint\",\"urlTemplate\":\"https:\/\/vyseo.fr\/?s={search_term_string}\"},\"query-input\":{\"@type\":\"PropertyValueSpecification\",\"valueRequired\":true,\"valueName\":\"search_term_string\"}}],\"inLanguage\":\"fr-FR\"},{\"@type\":\"Organization\",\"@id\":\"https:\/\/vyseo.fr\/#organization\",\"name\":\"Vyseo\",\"url\":\"https:\/\/vyseo.fr\/\",\"logo\":{\"@type\":\"ImageObject\",\"inLanguage\":\"fr-FR\",\"@id\":\"https:\/\/vyseo.fr\/#\/schema\/logo\/image\/\",\"url\":\"https:\/\/vyseo.fr\/wp-content\/uploads\/2023\/04\/logo-vyseo.png\",\"contentUrl\":\"https:\/\/vyseo.fr\/wp-content\/uploads\/2023\/04\/logo-vyseo.png\",\"width\":300,\"height\":120,\"caption\":\"Vyseo\"},\"image\":{\"@id\":\"https:\/\/vyseo.fr\/#\/schema\/logo\/image\/\"}}]}<\/script>\n<!-- \/ Yoast SEO plugin. -->","yoast_head_json":{"title":"Blephacura - Vyseo","robots":{"index":"index","follow":"follow","max-snippet":"max-snippet:-1","max-image-preview":"max-image-preview:large","max-video-preview":"max-video-preview:-1"},"canonical":"https:\/\/vyseo.fr\/fr\/boutique\/blephacura\/","og_locale":"fr_FR","og_type":"article","og_title":"Blephacura - Vyseo","og_description":"Flacon de 70ml Nettoie et apaise les paupi\u00e8res sensibles L\u2019hygi\u00e8ne des paupi\u00e8res et des cils est recommand\u00e9e par les ophtalmologistes en compl\u00e9ment des traitements de bl\u00e9pharites, d\u2019\u0153il sec, d\u2019acn\u00e9 rosac\u00e9e, de dermite s\u00e9borrh\u00e9ique. Le massage doux et le soin du bord des paupi\u00e8res est sp\u00e9cialement adapt\u00e9 en cas de s\u00e9cheresse oculaire, tr\u00e8s fr\u00e9quemment li\u00e9e \u00e0 une obstruction des glandes de Meibomius. Un nettoyage tout en douceur \u00c9limination m\u00e9canique des impuret\u00e9s, des s\u00e9cr\u00e9tions et des cro\u00fbtes sans frotter. Un maximum de confort Des liposomes qui soulagent les inflammations\/irritations du bord des paupi\u00e8res.","og_url":"https:\/\/vyseo.fr\/fr\/boutique\/blephacura\/","og_site_name":"Vyseo","article_modified_time":"2026-04-08T10:13:40+00:00","og_image":[{"width":800,"height":800,"url":"https:\/\/vyseo.fr\/wp-content\/uploads\/2023\/03\/blephacura.jpg","type":"image\/jpeg"}],"twitter_card":"summary_large_image","twitter_misc":{"Dur\u00e9e de lecture estim\u00e9e":"1 minute"},"schema":{"@context":"https:\/\/schema.org","@graph":[{"@type":"WebPage","@id":"https:\/\/vyseo.fr\/boutique\/blephacura\/","url":"https:\/\/vyseo.fr\/boutique\/blephacura\/","name":"Blephacura - Vyseo","isPartOf":{"@id":"https:\/\/vyseo.fr\/#website"},"primaryImageOfPage":{"@id":"https:\/\/vyseo.fr\/boutique\/blephacura\/#primaryimage"},"image":{"@id":"https:\/\/vyseo.fr\/boutique\/blephacura\/#primaryimage"},"thumbnailUrl":"https:\/\/vyseo.fr\/wp-content\/uploads\/2023\/03\/blephacura.jpg","datePublished":"2023-03-17T11:11:52+00:00","dateModified":"2026-04-08T10:13:40+00:00","breadcrumb":{"@id":"https:\/\/vyseo.fr\/boutique\/blephacura\/#breadcrumb"},"inLanguage":"fr-FR","potentialAction":[{"@type":"ReadAction","target":["https:\/\/vyseo.fr\/boutique\/blephacura\/"]}]},{"@type":"ImageObject","inLanguage":"fr-FR","@id":"https:\/\/vyseo.fr\/boutique\/blephacura\/#primaryimage","url":"https:\/\/vyseo.fr\/wp-content\/uploads\/2023\/03\/blephacura.jpg","contentUrl":"https:\/\/vyseo.fr\/wp-content\/uploads\/2023\/03\/blephacura.jpg","width":800,"height":800},{"@type":"BreadcrumbList","@id":"https:\/\/vyseo.fr\/boutique\/blephacura\/#breadcrumb","itemListElement":[{"@type":"ListItem","position":1,"name":"Accueil","item":"https:\/\/vyseo.fr\/"},{"@type":"ListItem","position":2,"name":"Boutique","item":"https:\/\/vyseo.fr\/boutique\/"},{"@type":"ListItem","position":3,"name":"Blephacura"}]},{"@type":"WebSite","@id":"https:\/\/vyseo.fr\/#website","url":"https:\/\/vyseo.fr\/","name":"Vyseo","description":"Le confort oculaire pour tous","publisher":{"@id":"https:\/\/vyseo.fr\/#organization"},"potentialAction":[{"@type":"SearchAction","target":{"@type":"EntryPoint","urlTemplate":"https:\/\/vyseo.fr\/?s={search_term_string}"},"query-input":{"@type":"PropertyValueSpecification","valueRequired":true,"valueName":"search_term_string"}}],"inLanguage":"fr-FR"},{"@type":"Organization","@id":"https:\/\/vyseo.fr\/#organization","name":"Vyseo","url":"https:\/\/vyseo.fr\/","logo":{"@type":"ImageObject","inLanguage":"fr-FR","@id":"https:\/\/vyseo.fr\/#\/schema\/logo\/image\/","url":"https:\/\/vyseo.fr\/wp-content\/uploads\/2023\/04\/logo-vyseo.png","contentUrl":"https:\/\/vyseo.fr\/wp-content\/uploads\/2023\/04\/logo-vyseo.png","width":300,"height":120,"caption":"Vyseo"},"image":{"@id":"https:\/\/vyseo.fr\/#\/schema\/logo\/image\/"}}]}},"_links":{"self":[{"href":"https:\/\/vyseo.fr\/fr\/wp-json\/wp\/v2\/product\/35","targetHints":{"allow":["GET"]}}],"collection":[{"href":"https:\/\/vyseo.fr\/fr\/wp-json\/wp\/v2\/product"}],"about":[{"href":"https:\/\/vyseo.fr\/fr\/wp-json\/wp\/v2\/types\/product"}],"replies":[{"embeddable":true,"href":"https:\/\/vyseo.fr\/fr\/wp-json\/wp\/v2\/comments?post=35"}],"wp:featuredmedia":[{"embeddable":true,"href":"https:\/\/vyseo.fr\/fr\/wp-json\/wp\/v2\/media\/24649"}],"wp:attachment":[{"href":"https:\/\/vyseo.fr\/fr\/wp-json\/wp\/v2\/media?parent=35"}],"wp:term":[{"taxonomy":"product_cat","embeddable":true,"href":"https:\/\/vyseo.fr\/fr\/wp-json\/wp\/v2\/product_cat?post=35"},{"taxonomy":"product_tag","embeddable":true,"href":"https:\/\/vyseo.fr\/fr\/wp-json\/wp\/v2\/product_tag?post=35"}],"curies":[{"name":"wp","href":"https:\/\/api.w.org\/{rel}","templated":true}]}}