{"id":2519,"date":"2023-04-10T13:09:47","date_gmt":"2023-04-10T11:09:47","guid":{"rendered":"https:\/\/vyseo.fr\/?page_id=2519"},"modified":"2023-05-09T14:35:02","modified_gmt":"2023-05-09T12:35:02","slug":"confort-oculaire","status":"publish","type":"page","link":"https:\/\/vyseo.fr\/fr\/confort-oculaire\/","title":{"rendered":"05-Nos conseils"},"content":{"rendered":"<p>[et_pb_section fb_built=\u00a0\u00bb1&Prime; custom_padding_last_edited=\u00a0\u00bbon|tablet\u00a0\u00bb admin_label=\u00a0\u00bbHeader\u00a0\u00bb _builder_version=\u00a0\u00bb4.20.4&Prime; _module_preset=\u00a0\u00bbdefault\u00a0\u00bb background_enable_color=\u00a0\u00bboff\u00a0\u00bb background_image=\u00a0\u00bbhttps:\/\/vyseo.fr\/wp-content\/uploads\/2023\/04\/young-retoucher.jpg\u00a0\u00bb background_position=\u00a0\u00bbtop_left\u00a0\u00bb custom_padding=\u00a0\u00bb3%||7%||false|false\u00a0\u00bb custom_padding_tablet=\u00a0\u00bb3%||0%||false|false\u00a0\u00bb custom_padding_phone=\u00a0\u00bb0%||0%||false|false\u00a0\u00bb locked=\u00a0\u00bboff\u00a0\u00bb collapsed=\u00a0\u00bbon\u00a0\u00bb global_colors_info=\u00a0\u00bb{}\u00a0\u00bb][et_pb_row column_structure=\u00a0\u00bb3_5,2_5&Prime; custom_padding_last_edited=\u00a0\u00bbon|tablet\u00a0\u00bb _builder_version=\u00a0\u00bb4.20.4&Prime; _module_preset=\u00a0\u00bbdefault\u00a0\u00bb custom_padding_tablet=\u00a0\u00bb||0px||false|false\u00a0\u00bb custom_padding_phone=\u00a0\u00bb||0px||false|false\u00a0\u00bb global_colors_info=\u00a0\u00bb{}\u00a0\u00bb][et_pb_column type=\u00a0\u00bb3_5&Prime; _builder_version=\u00a0\u00bb4.20.2&Prime; _module_preset=\u00a0\u00bbdefault\u00a0\u00bb global_colors_info=\u00a0\u00bb{}\u00a0\u00bb][et_pb_text _builder_version=\u00a0\u00bb4.20.4&Prime; _module_preset=\u00a0\u00bbdefault\u00a0\u00bb header_font=\u00a0\u00bbMontserrat|600||on|||||\u00a0\u00bb header_text_align=\u00a0\u00bbcenter\u00a0\u00bb header_font_size=\u00a0\u00bb14px\u00a0\u00bb header_letter_spacing=\u00a0\u00bb1px\u00a0\u00bb header_2_font=\u00a0\u00bbMontserrat||||||||\u00a0\u00bb header_3_font=\u00a0\u00bbMontserrat|600||on|||||\u00a0\u00bb header_3_text_color=\u00a0\u00bb#777777&Prime; header_3_font_size=\u00a0\u00bb14px\u00a0\u00bb header_3_letter_spacing=\u00a0\u00bb1px\u00a0\u00bb custom_margin=\u00a0\u00bb2px||3px||false|false\u00a0\u00bb custom_padding=\u00a0\u00bb4px|0px||0px|false|true\u00a0\u00bb global_colors_info=\u00a0\u00bb{}\u00a0\u00bb]<\/p>\n<h3 style=\"text-align: left;\">Le saviez vous ?<\/h3>\n<p>[\/et_pb_text][et_pb_text _builder_version=\u00a0\u00bb4.20.4&Prime; _module_preset=\u00a0\u00bbdefault\u00a0\u00bb text_font=\u00a0\u00bbYeseva One|700|||||||\u00a0\u00bb text_text_color=\u00a0\u00bb#000000&Prime; text_font_size=\u00a0\u00bb45px\u00a0\u00bb text_line_height=\u00a0\u00bb1.2em\u00a0\u00bb custom_margin=\u00a0\u00bb||0px|||\u00a0\u00bb text_font_size_tablet=\u00a0\u00bb35px\u00a0\u00bb text_font_size_phone=\u00a0\u00bb23px\u00a0\u00bb text_font_size_last_edited=\u00a0\u00bbon|phone\u00a0\u00bb global_colors_info=\u00a0\u00bb{}\u00a0\u00bb]<\/p>\n<p>8 heures et 58 minutes<\/p>\n<p>[\/et_pb_text][et_pb_text _builder_version=\u00a0\u00bb4.20.4&Prime; _module_preset=\u00a0\u00bbdefault\u00a0\u00bb text_font=\u00a0\u00bbLato|700|||||||\u00a0\u00bb text_text_color=\u00a0\u00bb#000000&Prime; text_font_size=\u00a0\u00bb22px\u00a0\u00bb text_line_height=\u00a0\u00bb1.2em\u00a0\u00bb custom_margin=\u00a0\u00bb||20px|||\u00a0\u00bb text_font_size_tablet=\u00a0\u00bb17px\u00a0\u00bb text_font_size_phone=\u00a0\u00bb17px\u00a0\u00bb text_font_size_last_edited=\u00a0\u00bbon|phone\u00a0\u00bb global_colors_info=\u00a0\u00bb{}\u00a0\u00bb]<\/p>\n<p>Nous passons plus de temps devant les \u00e9crans qu&rsquo;\u00e0 dormir !<\/p>\n<p>[\/et_pb_text][et_pb_text _builder_version=\u00a0\u00bb4.20.4&Prime; _module_preset=\u00a0\u00bb518880c8-46c7-4ffa-b5a6-93ffa99dcc17&Prime; text_font=\u00a0\u00bbLato||||||||\u00a0\u00bb text_text_color=\u00a0\u00bb#3D3D3D\u00a0\u00bb text_font_size=\u00a0\u00bb18px\u00a0\u00bb text_line_height=\u00a0\u00bb1.6em\u00a0\u00bb link_text_color=\u00a0\u00bb#23CDE7&Prime; width=\u00a0\u00bb90%\u00a0\u00bb hover_enabled=\u00a0\u00bb0&Prime; text_font_size_tablet=\u00a0\u00bb16px\u00a0\u00bb text_font_size_phone=\u00a0\u00bb14px\u00a0\u00bb text_font_size_last_edited=\u00a0\u00bbon|phone\u00a0\u00bb global_colors_info=\u00a0\u00bb{}\u00a0\u00bb sticky_enabled=\u00a0\u00bb0&Prime;]<\/p>\n<p>Un adulte passe en moyenne 8 heures et 58 minutes sur \u00e9cran par jour, dans une tendance qui ne cesse d&rsquo;augmenter.<\/p>\n<p>[\/et_pb_text][et_pb_button button_url=\u00a0\u00bbhttps:\/\/vyseo.fr\/attention-aux-ecrans\/\u00a0\u00bb button_text=\u00a0\u00bbComment prot\u00e9ger vos yeux?\u00a0\u00bb button_alignment=\u00a0\u00bbleft\u00a0\u00bb button_alignment_tablet=\u00a0\u00bbleft\u00a0\u00bb button_alignment_phone=\u00a0\u00bbcenter\u00a0\u00bb button_alignment_last_edited=\u00a0\u00bbon|phone\u00a0\u00bb _builder_version=\u00a0\u00bb4.20.4&Prime; _module_preset=\u00a0\u00bb31b4f027-aaa0-4f2f-ae02-959764e19e4f\u00a0\u00bb custom_button=\u00a0\u00bbon\u00a0\u00bb button_text_size=\u00a0\u00bb15px\u00a0\u00bb button_text_color=\u00a0\u00bb#ffffff\u00a0\u00bb button_bg_color=\u00a0\u00bb#444444&Prime; button_border_width=\u00a0\u00bb2px\u00a0\u00bb button_border_color=\u00a0\u00bb#444444&Prime; button_border_radius=\u00a0\u00bb0px\u00a0\u00bb button_letter_spacing=\u00a0\u00bb1px\u00a0\u00bb button_font=\u00a0\u00bbLato|700||on|||||\u00a0\u00bb button_use_icon=\u00a0\u00bboff\u00a0\u00bb custom_padding=\u00a0\u00bb18px|32px|18px|32px|true|true\u00a0\u00bb button_text_size_tablet=\u00a0\u00bb15px\u00a0\u00bb button_text_size_phone=\u00a0\u00bb13px\u00a0\u00bb button_text_size_last_edited=\u00a0\u00bbon|phone\u00a0\u00bb button_letter_spacing_tablet=\u00a0\u00bb1px\u00a0\u00bb button_letter_spacing_phone=\u00a0\u00bb0px\u00a0\u00bb button_letter_spacing_last_edited=\u00a0\u00bbon|phone\u00a0\u00bb global_colors_info=\u00a0\u00bb{}\u00a0\u00bb button_border_width__hover_enabled=\u00a0\u00bbon|hover\u00a0\u00bb button_border_width__hover=\u00a0\u00bb2px\u00a0\u00bb button_bg_color__hover_enabled=\u00a0\u00bbon|hover\u00a0\u00bb button_bg_color__hover=\u00a0\u00bbRGBA(255,255,255,0)\u00a0\u00bb button_bg_enable_color__hover=\u00a0\u00bbon\u00a0\u00bb button_text_color__hover_enabled=\u00a0\u00bbon|hover\u00a0\u00bb button_text_color__hover=\u00a0\u00bb#444444&Prime;][\/et_pb_button][\/et_pb_column][et_pb_column type=\u00a0\u00bb2_5&Prime; _builder_version=\u00a0\u00bb4.20.2&Prime; _module_preset=\u00a0\u00bbdefault\u00a0\u00bb global_colors_info=\u00a0\u00bb{}\u00a0\u00bb][\/et_pb_column][\/et_pb_row][\/et_pb_section][et_pb_section fb_built=\u00a0\u00bb1&Prime; custom_padding_last_edited=\u00a0\u00bbon|tablet\u00a0\u00bb _builder_version=\u00a0\u00bb4.20.4&Prime; _module_preset=\u00a0\u00bbdefault\u00a0\u00bb custom_padding=\u00a0\u00bb50px||50px||true|false\u00a0\u00bb custom_padding_tablet=\u00a0\u00bb10px||10px||true|false\u00a0\u00bb custom_padding_phone=\u00a0\u00bb10px||10px||true|false\u00a0\u00bb global_colors_info=\u00a0\u00bb{}\u00a0\u00bb][et_pb_row _builder_version=\u00a0\u00bb4.20.2&Prime; _module_preset=\u00a0\u00bbdefault\u00a0\u00bb custom_padding=\u00a0\u00bb1px|||||\u00a0\u00bb global_colors_info=\u00a0\u00bb{}\u00a0\u00bb][et_pb_column type=\u00a0\u00bb4_4&Prime; _builder_version=\u00a0\u00bb4.20.2&Prime; _module_preset=\u00a0\u00bbdefault\u00a0\u00bb global_colors_info=\u00a0\u00bb{}\u00a0\u00bb][et_pb_text _builder_version=\u00a0\u00bb4.20.4&Prime; _module_preset=\u00a0\u00bbdefault\u00a0\u00bb header_font=\u00a0\u00bbMontserrat|600||on|||||\u00a0\u00bb header_text_align=\u00a0\u00bbcenter\u00a0\u00bb header_text_color=\u00a0\u00bb#777777&Prime; header_font_size=\u00a0\u00bb14px\u00a0\u00bb header_3_font=\u00a0\u00bbMontserrat|600||on|||||\u00a0\u00bb header_3_text_align=\u00a0\u00bbcenter\u00a0\u00bb header_3_text_color=\u00a0\u00bb#3D3D3D\u00a0\u00bb header_3_font_size=\u00a0\u00bb14px\u00a0\u00bb header_3_letter_spacing=\u00a0\u00bb1px\u00a0\u00bb custom_margin=\u00a0\u00bb30px||3px||false|false\u00a0\u00bb custom_padding=\u00a0\u00bb|0px||0px|false|true\u00a0\u00bb header_font_size_tablet=\u00a0\u00bb14px\u00a0\u00bb header_font_size_phone=\u00a0\u00bb11px\u00a0\u00bb header_font_size_last_edited=\u00a0\u00bbon|phone\u00a0\u00bb header_line_height_tablet=\u00a0\u00bb\u00a0\u00bb header_line_height_phone=\u00a0\u00bb1.3em\u00a0\u00bb header_line_height_last_edited=\u00a0\u00bbon|phone\u00a0\u00bb global_colors_info=\u00a0\u00bb{}\u00a0\u00bb]<\/p>\n<h1>Vys\u00e9o vous accompagne pour la sant\u00e9 de vos yeux<\/h1>\n<p>[\/et_pb_text][et_pb_text _builder_version=\u00a0\u00bb4.20.4&Prime; text_font=\u00a0\u00bbMontserrat|500|||||||\u00a0\u00bb text_text_color=\u00a0\u00bb#3D3D3D\u00a0\u00bb text_line_height=\u00a0\u00bb1.9em\u00a0\u00bb quote_font=\u00a0\u00bb||||||||\u00a0\u00bb header_font=\u00a0\u00bb||||||||\u00a0\u00bb header_2_font=\u00a0\u00bbYeseva One||||||||\u00a0\u00bb header_2_text_color=\u00a0\u00bb#000000&Prime; header_2_font_size=\u00a0\u00bb30px\u00a0\u00bb header_2_line_height=\u00a0\u00bb1.3em\u00a0\u00bb text_orientation=\u00a0\u00bbcenter\u00a0\u00bb max_width=\u00a0\u00bb80%\u00a0\u00bb max_width_tablet=\u00a0\u00bb100%\u00a0\u00bb max_width_phone=\u00a0\u00bb100%\u00a0\u00bb max_width_last_edited=\u00a0\u00bbon|tablet\u00a0\u00bb module_alignment=\u00a0\u00bbcenter\u00a0\u00bb hover_enabled=\u00a0\u00bb0&Prime; header_2_font_size_tablet=\u00a0\u00bb30px\u00a0\u00bb header_2_font_size_phone=\u00a0\u00bb20px\u00a0\u00bb header_2_font_size_last_edited=\u00a0\u00bbon|tablet\u00a0\u00bb global_colors_info=\u00a0\u00bb{}\u00a0\u00bb sticky_enabled=\u00a0\u00bb0&Prime;]<\/p>\n<h2><span>Bien conna\u00eetre vos yeux, pour mieux en prendre soin. Conseils, astuces\u2026 on vous dit tout !<\/span><\/h2>\n<p>[\/et_pb_text][\/et_pb_column][\/et_pb_row][\/et_pb_section][et_pb_section fb_built=\u00a0\u00bb1&Prime; admin_label=\u00a0\u00bbBlog\u00a0\u00bb _builder_version=\u00a0\u00bb4.16&Prime; custom_padding=\u00a0\u00bb2px|||||\u00a0\u00bb global_colors_info=\u00a0\u00bb{}\u00a0\u00bb][et_pb_row _builder_version=\u00a0\u00bb4.16&Prime; custom_padding=\u00a0\u00bb1px|||||\u00a0\u00bb global_colors_info=\u00a0\u00bb{}\u00a0\u00bb][et_pb_column type=\u00a0\u00bb4_4&Prime; _builder_version=\u00a0\u00bb4.16&Prime; global_colors_info=\u00a0\u00bb{}\u00a0\u00bb][et_pb_blog fullwidth=\u00a0\u00bboff\u00a0\u00bb posts_number=\u00a0\u00bb15&Prime; include_categories=\u00a0\u00bb41,40,38,39,37,42&Prime; meta_date=\u00a0\u00bbj M,Y\u00a0\u00bb excerpt_length=\u00a0\u00bb200&Prime; show_more=\u00a0\u00bbon\u00a0\u00bb show_author=\u00a0\u00bboff\u00a0\u00bb _builder_version=\u00a0\u00bb4.20.4&Prime; _module_preset=\u00a0\u00bbdefault\u00a0\u00bb header_font=\u00a0\u00bbYeseva One||||||||\u00a0\u00bb header_text_color=\u00a0\u00bb#000000&Prime; header_font_size=\u00a0\u00bb17px\u00a0\u00bb header_line_height=\u00a0\u00bb1.4em\u00a0\u00bb body_font=\u00a0\u00bbLato||||||||\u00a0\u00bb body_text_color=\u00a0\u00bb#3D3D3D\u00a0\u00bb body_line_height=\u00a0\u00bb1.6em\u00a0\u00bb meta_font=\u00a0\u00bbLato|||on|||||\u00a0\u00bb meta_text_color=\u00a0\u00bb#444444&Prime; meta_font_size=\u00a0\u00bb11px\u00a0\u00bb read_more_font=\u00a0\u00bb|600||on|on|||#000000|\u00a0\u00bb read_more_text_color=\u00a0\u00bb#444444&Prime; read_more_font_size=\u00a0\u00bb12px\u00a0\u00bb pagination_font=\u00a0\u00bbLato|700||on|on||||\u00a0\u00bb pagination_text_color=\u00a0\u00bb#444444&Prime; pagination_font_size=\u00a0\u00bb17px\u00a0\u00bb custom_margin=\u00a0\u00bb||9px|||\u00a0\u00bb header_font_size_tablet=\u00a0\u00bb16px\u00a0\u00bb header_font_size_phone=\u00a0\u00bb16px\u00a0\u00bb header_font_size_last_edited=\u00a0\u00bbon|phone\u00a0\u00bb body_font_size_tablet=\u00a0\u00bb\u00a0\u00bb body_font_size_phone=\u00a0\u00bb14px\u00a0\u00bb body_font_size_last_edited=\u00a0\u00bbon|phone\u00a0\u00bb global_colors_info=\u00a0\u00bb{}\u00a0\u00bb][\/et_pb_blog][\/et_pb_column][\/et_pb_row][\/et_pb_section]<\/p>\n","protected":false},"excerpt":{"rendered":"<p>Le saviez vous ?8 heures et 58 minutesNous passons plus de temps devant les \u00e9crans qu&rsquo;\u00e0 dormir !Un adulte passe en moyenne 8 heures et 58 minutes sur \u00e9cran par jour, dans une tendance qui ne cesse d&rsquo;augmenter.Vys\u00e9o vous accompagne pour la sant\u00e9 de vos yeuxBien conna\u00eetre vos yeux, pour mieux en prendre soin. Conseils, [&hellip;]<\/p>\n","protected":false},"author":1,"featured_media":0,"parent":0,"menu_order":0,"comment_status":"closed","ping_status":"closed","template":"","meta":{"_acf_changed":false,"_et_pb_use_builder":"on","_et_pb_old_content":"<!-- wp:divi\/placeholder \/-->","_et_gb_content_width":"","footnotes":""},"class_list":["post-2519","page","type-page","status-publish","hentry"],"acf":[],"yoast_head":"<!-- This site is optimized with the Yoast SEO plugin v24.2 - https:\/\/yoast.com\/wordpress\/plugins\/seo\/ -->\n<title>Sant\u00e9 des yeux et confort oculaire - Vyseo<\/title>\n<meta name=\"description\" content=\"Sant\u00e9 des yeux, vys\u00e9o vous accompagne pour bien conna\u00eetre vos yeux, pour mieux en prendre soin. Conseils, astuces\u2026 on vous dit tout !\" \/>\n<meta name=\"robots\" content=\"index, follow, max-snippet:-1, max-image-preview:large, max-video-preview:-1\" \/>\n<link rel=\"canonical\" href=\"https:\/\/vyseo.fr\/fr\/confort-oculaire\/\" \/>\n<meta property=\"og:locale\" content=\"fr_FR\" \/>\n<meta property=\"og:type\" content=\"article\" \/>\n<meta property=\"og:title\" content=\"Sant\u00e9 des yeux et confort oculaire - Vyseo\" \/>\n<meta property=\"og:description\" content=\"Sant\u00e9 des yeux, vys\u00e9o vous accompagne pour bien conna\u00eetre vos yeux, pour mieux en prendre soin. Conseils, astuces\u2026 on vous dit tout !\" \/>\n<meta property=\"og:url\" content=\"https:\/\/vyseo.fr\/fr\/confort-oculaire\/\" \/>\n<meta property=\"og:site_name\" content=\"Vyseo\" \/>\n<meta property=\"article:modified_time\" content=\"2023-05-09T12:35:02+00:00\" \/>\n<meta name=\"twitter:card\" content=\"summary_large_image\" \/>\n<meta name=\"twitter:label1\" content=\"Dur\u00e9e de lecture estim\u00e9e\" \/>\n\t<meta name=\"twitter:data1\" content=\"2 minutes\" \/>\n<script type=\"application\/ld+json\" class=\"yoast-schema-graph\">{\"@context\":\"https:\/\/schema.org\",\"@graph\":[{\"@type\":\"WebPage\",\"@id\":\"https:\/\/vyseo.fr\/confort-oculaire\/\",\"url\":\"https:\/\/vyseo.fr\/confort-oculaire\/\",\"name\":\"Sant\u00e9 des yeux et confort oculaire - Vyseo\",\"isPartOf\":{\"@id\":\"https:\/\/vyseo.fr\/#website\"},\"datePublished\":\"2023-04-10T11:09:47+00:00\",\"dateModified\":\"2023-05-09T12:35:02+00:00\",\"description\":\"Sant\u00e9 des yeux, vys\u00e9o vous accompagne pour bien conna\u00eetre vos yeux, pour mieux en prendre soin. Conseils, astuces\u2026 on vous dit tout !\",\"breadcrumb\":{\"@id\":\"https:\/\/vyseo.fr\/confort-oculaire\/#breadcrumb\"},\"inLanguage\":\"fr-FR\",\"potentialAction\":[{\"@type\":\"ReadAction\",\"target\":[\"https:\/\/vyseo.fr\/confort-oculaire\/\"]}]},{\"@type\":\"BreadcrumbList\",\"@id\":\"https:\/\/vyseo.fr\/confort-oculaire\/#breadcrumb\",\"itemListElement\":[{\"@type\":\"ListItem\",\"position\":1,\"name\":\"Accueil\",\"item\":\"https:\/\/vyseo.fr\/\"},{\"@type\":\"ListItem\",\"position\":2,\"name\":\"05-Nos conseils\"}]},{\"@type\":\"WebSite\",\"@id\":\"https:\/\/vyseo.fr\/#website\",\"url\":\"https:\/\/vyseo.fr\/\",\"name\":\"Vyseo\",\"description\":\"Le confort oculaire pour tous\",\"publisher\":{\"@id\":\"https:\/\/vyseo.fr\/#organization\"},\"potentialAction\":[{\"@type\":\"SearchAction\",\"target\":{\"@type\":\"EntryPoint\",\"urlTemplate\":\"https:\/\/vyseo.fr\/?s={search_term_string}\"},\"query-input\":{\"@type\":\"PropertyValueSpecification\",\"valueRequired\":true,\"valueName\":\"search_term_string\"}}],\"inLanguage\":\"fr-FR\"},{\"@type\":\"Organization\",\"@id\":\"https:\/\/vyseo.fr\/#organization\",\"name\":\"Vyseo\",\"url\":\"https:\/\/vyseo.fr\/\",\"logo\":{\"@type\":\"ImageObject\",\"inLanguage\":\"fr-FR\",\"@id\":\"https:\/\/vyseo.fr\/#\/schema\/logo\/image\/\",\"url\":\"https:\/\/vyseo.fr\/wp-content\/uploads\/2023\/04\/logo-vyseo.png\",\"contentUrl\":\"https:\/\/vyseo.fr\/wp-content\/uploads\/2023\/04\/logo-vyseo.png\",\"width\":300,\"height\":120,\"caption\":\"Vyseo\"},\"image\":{\"@id\":\"https:\/\/vyseo.fr\/#\/schema\/logo\/image\/\"}}]}<\/script>\n<!-- \/ Yoast SEO plugin. -->","yoast_head_json":{"title":"Sant\u00e9 des yeux et confort oculaire - Vyseo","description":"Sant\u00e9 des yeux, vys\u00e9o vous accompagne pour bien conna\u00eetre vos yeux, pour mieux en prendre soin. Conseils, astuces\u2026 on vous dit tout !","robots":{"index":"index","follow":"follow","max-snippet":"max-snippet:-1","max-image-preview":"max-image-preview:large","max-video-preview":"max-video-preview:-1"},"canonical":"https:\/\/vyseo.fr\/fr\/confort-oculaire\/","og_locale":"fr_FR","og_type":"article","og_title":"Sant\u00e9 des yeux et confort oculaire - Vyseo","og_description":"Sant\u00e9 des yeux, vys\u00e9o vous accompagne pour bien conna\u00eetre vos yeux, pour mieux en prendre soin. Conseils, astuces\u2026 on vous dit tout !","og_url":"https:\/\/vyseo.fr\/fr\/confort-oculaire\/","og_site_name":"Vyseo","article_modified_time":"2023-05-09T12:35:02+00:00","twitter_card":"summary_large_image","twitter_misc":{"Dur\u00e9e de lecture estim\u00e9e":"2 minutes"},"schema":{"@context":"https:\/\/schema.org","@graph":[{"@type":"WebPage","@id":"https:\/\/vyseo.fr\/confort-oculaire\/","url":"https:\/\/vyseo.fr\/confort-oculaire\/","name":"Sant\u00e9 des yeux et confort oculaire - Vyseo","isPartOf":{"@id":"https:\/\/vyseo.fr\/#website"},"datePublished":"2023-04-10T11:09:47+00:00","dateModified":"2023-05-09T12:35:02+00:00","description":"Sant\u00e9 des yeux, vys\u00e9o vous accompagne pour bien conna\u00eetre vos yeux, pour mieux en prendre soin. Conseils, astuces\u2026 on vous dit tout !","breadcrumb":{"@id":"https:\/\/vyseo.fr\/confort-oculaire\/#breadcrumb"},"inLanguage":"fr-FR","potentialAction":[{"@type":"ReadAction","target":["https:\/\/vyseo.fr\/confort-oculaire\/"]}]},{"@type":"BreadcrumbList","@id":"https:\/\/vyseo.fr\/confort-oculaire\/#breadcrumb","itemListElement":[{"@type":"ListItem","position":1,"name":"Accueil","item":"https:\/\/vyseo.fr\/"},{"@type":"ListItem","position":2,"name":"05-Nos conseils"}]},{"@type":"WebSite","@id":"https:\/\/vyseo.fr\/#website","url":"https:\/\/vyseo.fr\/","name":"Vyseo","description":"Le confort oculaire pour tous","publisher":{"@id":"https:\/\/vyseo.fr\/#organization"},"potentialAction":[{"@type":"SearchAction","target":{"@type":"EntryPoint","urlTemplate":"https:\/\/vyseo.fr\/?s={search_term_string}"},"query-input":{"@type":"PropertyValueSpecification","valueRequired":true,"valueName":"search_term_string"}}],"inLanguage":"fr-FR"},{"@type":"Organization","@id":"https:\/\/vyseo.fr\/#organization","name":"Vyseo","url":"https:\/\/vyseo.fr\/","logo":{"@type":"ImageObject","inLanguage":"fr-FR","@id":"https:\/\/vyseo.fr\/#\/schema\/logo\/image\/","url":"https:\/\/vyseo.fr\/wp-content\/uploads\/2023\/04\/logo-vyseo.png","contentUrl":"https:\/\/vyseo.fr\/wp-content\/uploads\/2023\/04\/logo-vyseo.png","width":300,"height":120,"caption":"Vyseo"},"image":{"@id":"https:\/\/vyseo.fr\/#\/schema\/logo\/image\/"}}]}},"_links":{"self":[{"href":"https:\/\/vyseo.fr\/fr\/wp-json\/wp\/v2\/pages\/2519","targetHints":{"allow":["GET"]}}],"collection":[{"href":"https:\/\/vyseo.fr\/fr\/wp-json\/wp\/v2\/pages"}],"about":[{"href":"https:\/\/vyseo.fr\/fr\/wp-json\/wp\/v2\/types\/page"}],"author":[{"embeddable":true,"href":"https:\/\/vyseo.fr\/fr\/wp-json\/wp\/v2\/users\/1"}],"replies":[{"embeddable":true,"href":"https:\/\/vyseo.fr\/fr\/wp-json\/wp\/v2\/comments?post=2519"}],"version-history":[{"count":44,"href":"https:\/\/vyseo.fr\/fr\/wp-json\/wp\/v2\/pages\/2519\/revisions"}],"predecessor-version":[{"id":25501,"href":"https:\/\/vyseo.fr\/fr\/wp-json\/wp\/v2\/pages\/2519\/revisions\/25501"}],"wp:attachment":[{"href":"https:\/\/vyseo.fr\/fr\/wp-json\/wp\/v2\/media?parent=2519"}],"curies":[{"name":"wp","href":"https:\/\/api.w.org\/{rel}","templated":true}]}}