{"id":24767,"date":"2023-04-19T11:43:02","date_gmt":"2023-04-19T09:43:02","guid":{"rendered":"https:\/\/vyseo.fr\/?page_id=24767"},"modified":"2023-04-19T18:34:17","modified_gmt":"2023-04-19T16:34:17","slug":"mentions-legales","status":"publish","type":"page","link":"https:\/\/vyseo.fr\/fr\/mentions-legales\/","title":{"rendered":"Mentions l\u00e9gales"},"content":{"rendered":"<p>En vertu de l\u2019article 6 de la loi n\u00b0 2004-575 du 21 juin 2004 pour la confiance dans l\u2019\u00e9conomie num\u00e9rique, il est pr\u00e9cis\u00e9 aux utilisateurs du site internet&nbsp;<strong>:<\/strong>&nbsp;<a href=\"https:\/\/vyseo.fr\/\">https:\/\/<\/a><a href=\"https:\/\/vyseo.fr\/\" rel=\"nofollow\">vyseo<\/a><a href=\"https:\/\/vyseo.fr\/\">.fr<\/a>&nbsp; l\u2019identit\u00e9 des diff\u00e9rents intervenants dans le cadre de sa r\u00e9alisation et de son suivi:<\/p><p>VYS\u00c9O est une SARL au capital de 6800,00 euros dont le si\u00e8ge social est situ\u00e9 \u00e0 LYON (69001), 4 rue de la R\u00e9publique. VYS\u00c9O est enregistr\u00e9 au Registre du Commerce et des Soci\u00e9t\u00e9s de Lyon sous le num\u00e9ro 513 285 833, CODE NAF 4634Z, TVA intracommunautaire : FR 68 513285833<\/p><p><strong>Propri\u00e9taire<\/strong>\u00a0: VYS\u00c9O Capital social de 13750\u20ac \u2013 4 Rue de la R\u00e9publique 69001 Lyon<br><strong>Responsable publication<\/strong>\u00a0: VYS\u00c9O \u2013 contact@vyseo.fr<br>Le responsable publication est une personne physique ou une personne morale.<br><strong>Webmaster<\/strong>\u00a0: VYS\u00c9O \u2013 contact@vyseo.fr<br><strong>H\u00e9bergeur<\/strong>\u00a0: JungleWP \u2013 On Hing Building, 1 On Hing Terrace Central Hong Kong (+852) 3970-5615<br><strong>D\u00e9l\u00e9gu\u00e9 \u00e0 la protection des donn\u00e9es<\/strong>\u00a0: Rachid BENNABI \u2013 contact@vyseo.fr<\/p><h2 class=\"wp-block-heading\">1. D\u00c9FINITIONS<\/h2><p><strong>Client :<\/strong>&nbsp;tout professionnel ou personne physique capable au sens des articles 1123 et suivants du Code civil, ou personne morale, qui visite le Site objet des pr\u00e9sentes conditions g\u00e9n\u00e9rales.<\/p><p><strong>Prestations et Services :<\/strong>&nbsp;<a href=\"https:\/\/vyseo.fr\/\">https:\/\/<\/a><a href=\"https:\/\/vyseo.fr\/\" rel=\"nofollow\">vyseo<\/a><a href=\"https:\/\/vyseo.fr\/\">.fr<\/a>&nbsp;met \u00e0 disposition des Clients :<\/p><p><strong>Contenu :<\/strong>&nbsp;Ensemble des \u00e9l\u00e9ments constituants l\u2019information pr\u00e9sente sur le Site, notamment textes \u2013 images \u2013 vid\u00e9os.<\/p><p><strong>Produits\u00a0: <\/strong>Les produits propos\u00e9s par <a href=\"https:\/\/vyseo.studiomoovite.fr\/\" rel=\"nofollow\">\u00a0<\/a><a href=\"https:\/\/vyseo.fr\/\">https:\/\/<\/a><a href=\"https:\/\/vyseo.fr\/\" rel=\"nofollow\">vyseo<\/a><a href=\"https:\/\/vyseo.fr\/\">.fr<\/a>\u00a0sur son Site.<\/p><p><strong>Informations clients :<\/strong>&nbsp;Ci apr\u00e8s d\u00e9nomm\u00e9 \u00ab Information (s) \u00bb qui correspondent \u00e0 l\u2019ensemble des donn\u00e9es personnelles susceptibles d\u2019\u00eatre d\u00e9tenues par&nbsp;<a href=\"https:\/\/vyseo.fr\"><\/a><a href=\"https:\/\/vyseo.fr\/\">https:\/\/<\/a><a href=\"https:\/\/vyseo.fr\/\" rel=\"nofollow\">vyseo<\/a><a href=\"https:\/\/vyseo.fr\/\">.fr<\/a>&nbsp;&nbsp;pour la gestion de votre compte, de la gestion de la relation client et \u00e0 des fins d\u2019analyses et de statistiques.<\/p><p><strong>Utilisateur :<\/strong>&nbsp;Internaute se connectant, utilisant le site susnomm\u00e9.<\/p><p><strong>Informations personnelles :<\/strong>&nbsp;\u00ab Les informations qui permettent, sous quelque forme que ce soit, directement ou non, l\u2019identification des personnes physiques auxquelles elles s\u2019appliquent \u00bb (article 4 de la loi n\u00b0 78-17 du 6 janvier 1978).<\/p><p>Les termes \u00ab donn\u00e9es \u00e0 caract\u00e8re personnel \u00bb, \u00ab personne concern\u00e9e \u00bb, \u00ab sous traitant \u00bb et \u00ab donn\u00e9es sensibles \u00bb ont le sens d\u00e9fini par le R\u00e8glement G\u00e9n\u00e9ral sur la Protection des Donn\u00e9es (RGPD : n\u00b0 2016-679).<\/p><h2 class=\"wp-block-heading\">2. OBJET DU SITE INTERNET&nbsp;<\/h2><p><a href=\"https:\/\/vyseo.fr\/\">https:\/\/<\/a><a href=\"https:\/\/vyseo.fr\/\" rel=\"nofollow\">vyseo<\/a><a href=\"https:\/\/vyseo.fr\/\">.fr<\/a>&nbsp; a pour objet de fournir des informations sur les activit\u00e9s de la soci\u00e9t\u00e9 Vys\u00e9o et de commercialiser les produits de la gamme VYSEO. La soci\u00e9t\u00e9 VYS\u00c9O exerce ses activit\u00e9s dans le domaine pharmaceutique. Son activit\u00e9 est fortement r\u00e9glement\u00e9e et sous contr\u00f4le de l&rsquo;Agence Fran\u00e7aise de S\u00e9curit\u00e9 Sanitaire des Produits de Sant\u00e9. La r\u00e9glementation limite et encadre la communication en mati\u00e8re de sant\u00e9 ou d&rsquo;utilisation des Produits d\u2019VYS\u00c9O.<\/p><p>Le pr\u00e9sent site n\u2019a aucunement vocation \u00e0 fournir, de quelle mani\u00e8re que ce soit, des conseils en mati\u00e8re<\/p><p>de sant\u00e9 ou de pharmacie, ni des consultations dans ces domaines. Toute information \u00e0 cet \u00e9gard doit \u00eatre demand\u00e9e aupr\u00e8s d&rsquo;un m\u00e9decin ou d&rsquo;un pharmacien. Par cons\u00e9quent, l&rsquo;utilisateur reconna\u00eet \u00eatre pleinement inform\u00e9 de ce que les informations contenues sur les pr\u00e9sents sites n&rsquo;ont pas vocation, de quelle mani\u00e8re que ce soit, \u00e0 :<\/p><p>&#8211; Donner un avis m\u00e9dical ;<\/p><p>&#8211; Fournir un diagnostic ;<\/p><p>&#8211; Remplacer la consultation, l&rsquo;avis ou les recommandations d&rsquo;un professionnel de sant\u00e9 ;<\/p><p>Le site internet&nbsp;<strong>:<\/strong>&nbsp;<a href=\"https:\/\/vyseo.fr\/\">https:\/\/<\/a><a href=\"https:\/\/vyseo.fr\/\" rel=\"nofollow\">vyseo<\/a><a href=\"https:\/\/vyseo.fr\/\">.fr<\/a>&nbsp;&nbsp;a pour objet de fournir une information concernant l\u2019ensemble des activit\u00e9s de la soci\u00e9t\u00e9.&nbsp;<strong>:<\/strong>&nbsp;<a href=\"https:\/\/vyseo.fr\/\" rel=\"nofollow\">https:\/\/vyseo<\/a><a href=\"https:\/\/vyseo.fr\/\">.fr<\/a>&nbsp; s\u2019efforce de fournir sur le site&nbsp;<a href=\"https:\/\/vyseo.fr\/\">https:\/\/<\/a><a href=\"https:\/\/vyseo.fr\/\" rel=\"nofollow\">vyseo<\/a><a href=\"https:\/\/vyseo.fr\/\">.fr<\/a>&nbsp;&nbsp;des informations aussi pr\u00e9cises que possible. Toutefois, il ne pourra \u00eatre tenu responsable des oublis, des inexactitudes et des carences dans la mise \u00e0 jour, qu\u2019elles soient de son fait ou du fait des tiers partenaires qui lui fournissent ces informations.<\/p><p>Toutes les informations indiqu\u00e9es sur le site\u00a0<a href=\"https:\/\/vyseo.fr\"><a href=\"https:\/\/vyseo.fr\/\">https:\/\/<\/a><a href=\"https:\/\/vyseo.fr\/\" rel=\"nofollow\">vyseo<\/a><a href=\"https:\/\/vyseo.fr\/\">.fr<\/a>\u00a0<\/a>\u00a0sont donn\u00e9es \u00e0 titre indicatif, et sont susceptibles d\u2019\u00e9voluer. Par ailleurs, les renseignements figurant sur le site\u00a0<a href=\"https:\/\/vyseo.studiomoovite.fr\/\"><\/a><a href=\"https:\/\/vyseo.fr\/\">https:\/\/<\/a><a href=\"https:\/\/vyseo.fr\/\" rel=\"nofollow\">vyseo.fr<\/a>\u00a0ne sont pas exhaustifs. Ils sont donn\u00e9s sous r\u00e9serve de modifications ayant \u00e9t\u00e9 apport\u00e9es depuis leur mise en ligne.<\/p><h2 class=\"wp-block-heading\">3. CONDITIONS G\u00c9N\u00c9RALES D\u2019UTILISATION DU SITE ET DES SERVICES PROPOS\u00c9S.<\/h2><p><\/p><p>Le Site constitue une \u0153uvre de l\u2019esprit prot\u00e9g\u00e9e par les dispositions du Code de la Propri\u00e9t\u00e9 Intellectuelle et des R\u00e9glementations Internationales applicables. Le Client ne peut en aucune mani\u00e8re r\u00e9utiliser, c\u00e9der ou exploiter pour son propre compte tout ou partie des \u00e9l\u00e9ments ou travaux du Site.<\/p><p>L\u2019utilisation du site<a href=\"https:\/\/vyseo.fr\">\u00a0https:\/\/vyseo.fr<\/a>\u00a0implique l\u2019acceptation pleine et enti\u00e8re des conditions g\u00e9n\u00e9rales d\u2019utilisation ci-apr\u00e8s d\u00e9crites. Ces conditions d\u2019utilisation sont susceptibles d\u2019\u00eatre modifi\u00e9es ou compl\u00e9t\u00e9es \u00e0 tout moment, les utilisateurs du site\u00a0<a href=\"https:\/\/vyseo.fr\"><a href=\"https:\/\/vyseo.fr\/\">https:\/\/vyseo.fr<\/a><\/a>\u00a0sont donc invit\u00e9s \u00e0 les consulter de mani\u00e8re r\u00e9guli\u00e8re.<\/p><p>Ce site internet est normalement accessible \u00e0 tout moment aux utilisateurs. Une interruption pour raison de maintenance technique peut \u00eatre toutefois d\u00e9cid\u00e9e par\u00a0<a href=\"https:\/\/vyseo.fr\" rel=\"nofollow\"><a href=\"https:\/\/vyseo.fr\/\">https:\/\/vyseo.fr<\/a><\/a>, qui s\u2019efforcera alors de communiquer pr\u00e9alablement aux utilisateurs les dates et heures de l\u2019intervention. Le site web\u00a0<a href=\"https:\/\/vyseo.fr\" rel=\"nofollow\"><a href=\"https:\/\/vyseo.fr\/\">https:\/\/vyseo.fr<\/a><\/a>\u00a0est mis \u00e0 jour r\u00e9guli\u00e8rement par\u00a0<a href=\"https:\/\/vyseo.fr\" rel=\"nofollow\"><a href=\"https:\/\/vyseo.fr\/\">https:\/\/vyseo.fr<\/a><\/a>\u00a0responsable. De la m\u00eame fa\u00e7on, les mentions l\u00e9gales peuvent \u00eatre modifi\u00e9es \u00e0 tout moment : elles s\u2019imposent n\u00e9anmoins \u00e0 l\u2019utilisateur qui est invit\u00e9 \u00e0 s\u2019y r\u00e9f\u00e9rer le plus souvent possible afin d\u2019en prendre connaissance.<\/p><h2 class=\"wp-block-heading\">4. LIMITATIONS CONTRACTUELLES SUR LES DONN\u00c9ES TECHNIQUES.<\/h2><p>Le site utilise la technologie JavaScript. Le site Internet ne pourra \u00eatre tenu responsable de dommages mat\u00e9riels li\u00e9s \u00e0 l\u2019utilisation du site. De plus, l\u2019utilisateur du site s\u2019engage \u00e0 acc\u00e9der au site en utilisant un mat\u00e9riel r\u00e9cent, ne contenant pas de virus et avec un navigateur de derni\u00e8re g\u00e9n\u00e9ration mis-\u00e0-jour Le site\u00a0<a href=\"https:\/\/vyseo.fr\" rel=\"nofollow\"><a href=\"https:\/\/vyseo.fr\/\">https:\/\/vyseo.fr<\/a><\/a>\u00a0est h\u00e9berg\u00e9 chez un prestataire sur le territoire de l\u2019Union Europ\u00e9enne conform\u00e9ment aux dispositions du R\u00e8glement G\u00e9n\u00e9ral sur la Protection des Donn\u00e9es (RGPD : n\u00b0 2016-679)<\/p><p>L\u2019objectif est d\u2019apporter une prestation qui assure le meilleur taux d\u2019accessibilit\u00e9. L\u2019h\u00e9bergeur assure la continuit\u00e9 de son service 24 Heures sur 24, tous les jours de l\u2019ann\u00e9e. Il se r\u00e9serve n\u00e9anmoins la possibilit\u00e9 d\u2019interrompre le service d\u2019h\u00e9bergement pour les dur\u00e9es les plus courtes possibles notamment \u00e0 des fins de maintenance, d\u2019am\u00e9lioration de ses infrastructures, de d\u00e9faillance de ses infrastructures ou si les Prestations et Services g\u00e9n\u00e8rent un trafic r\u00e9put\u00e9 anormal.<\/p><p><a href=\"https:\/\/vyseo.fr\/\" rel=\"nofollow\">https:\/\/vyseo.fr<\/a>&nbsp;et l\u2019h\u00e9bergeur ne pourront \u00eatre tenus responsables en cas de dysfonctionnement du r\u00e9seau Internet, des lignes t\u00e9l\u00e9phoniques ou du mat\u00e9riel informatique et de t\u00e9l\u00e9phonie li\u00e9 notamment \u00e0 l\u2019encombrement du r\u00e9seau emp\u00eachant l\u2019acc\u00e8s au serveur.<\/p><h2 class=\"wp-block-heading\">5. PROPRI\u00c9T\u00c9 INTELLECTUELLE ET CONTREFA\u00c7ONS.<\/h2><p><\/p><p><a href=\"https:\/\/vyseo.fr\/\" rel=\"nofollow\">https:\/\/vyseo.f<\/a><a href=\"https:\/\/vyseo.fr\/\">r<\/a> est propri\u00e9taire des droits de propri\u00e9t\u00e9 intellectuelle et d\u00e9tient les droits d\u2019usage sur tous les \u00e9l\u00e9ments accessibles sur le site internet, notamment les textes, images, graphismes, logos, vid\u00e9os, ic\u00f4nes et sons. Toute reproduction, repr\u00e9sentation, modification, publication, adaptation de tout ou partie des \u00e9l\u00e9ments du site, quel que soit le moyen ou le proc\u00e9d\u00e9 utilis\u00e9, est interdite, sauf autorisation \u00e9crite pr\u00e9alable de : <a href=\"https:\/\/vyseo.fr\/\" rel=\"nofollow\">https:\/\/vyseo.fr<\/a>.<\/p><p>Toute exploitation non autoris\u00e9e du site ou de l\u2019un quelconque des \u00e9l\u00e9ments qu\u2019il contient sera consid\u00e9r\u00e9e comme constitutive d\u2019une contrefa\u00e7on et poursuivie conform\u00e9ment aux dispositions des articles L.335-2 et suivants du Code de Propri\u00e9t\u00e9 Intellectuelle.<\/p><h2 class=\"wp-block-heading\">6. LIMITATIONS DE RESPONSABILIT\u00c9.<\/h2><p><\/p><p><a href=\"https:\/\/vyseo.fr\/\" rel=\"nofollow\">https:\/\/vyseo.fr<\/a> agit en tant qu\u2019\u00e9diteur du site.&nbsp;<a href=\"https:\/\/vyseo.studiomoovite.fr\/\" rel=\"nofollow\"><\/a><a href=\"https:\/\/vyseo.fr\/\" rel=\"nofollow\">https:\/\/vyseo.fr<\/a>&nbsp;est responsable de la qualit\u00e9 et de la v\u00e9racit\u00e9 du Contenu qu\u2019il publie.&nbsp;<\/p><p><a href=\"https:\/\/vyseo.studiomoovite.fr\/\" rel=\"nofollow\"><\/a><a href=\"https:\/\/vyseo.fr\/\" rel=\"nofollow\">https:\/\/vys<\/a><a href=\"https:\/\/vyseo.fr\/\">eo.fr<\/a>&nbsp;ne pourra \u00eatre tenu responsable des dommages directs et indirects caus\u00e9s au mat\u00e9riel de l\u2019utilisateur, lors de l\u2019acc\u00e8s au site internet <a href=\"https:\/\/vyseo.fr\/\" rel=\"nofollow\">https:\/\/vyseo.fr<\/a>., et r\u00e9sultant soit de l\u2019utilisation d\u2019un mat\u00e9riel ne r\u00e9pondant pas aux sp\u00e9cifications indiqu\u00e9es au point 4, soit de l\u2019apparition d\u2019un bug ou d\u2019une incompatibilit\u00e9.<\/p><p><a href=\"https:\/\/vyseo.studiomoovite.fr\/\" rel=\"nofollow\"><\/a><a href=\"https:\/\/vyseo.fr\/\" rel=\"nofollow\">https:\/\/vyseo.fr<\/a>&nbsp;ne pourra \u00e9galement \u00eatre tenu responsable des dommages indirects (tels par exemple qu\u2019une perte de march\u00e9 ou perte d\u2019une chance) cons\u00e9cutifs \u00e0 l\u2019utilisation du site <a href=\"https:\/\/vyseo.fr\/\" rel=\"nofollow\">https:\/\/vyseo.fr<\/a>. Des espaces interactifs (possibilit\u00e9 de poser des questions dans l\u2019espace contact) sont \u00e0 la disposition des utilisateurs.&nbsp;<a href=\"https:\/\/vyseo.fr\" rel=\"nofollow\"><\/a><a href=\"https:\/\/vyseo.fr\/\" rel=\"nofollow\">https:\/\/vyseo.fr<\/a>&nbsp;se r\u00e9serve le droit de supprimer, sans mise en demeure pr\u00e9alable, tout contenu d\u00e9pos\u00e9 dans cet espace qui contreviendrait \u00e0 la l\u00e9gislation applicable en France, en particulier aux dispositions relatives \u00e0 la protection des donn\u00e9es. Le cas \u00e9ch\u00e9ant,&nbsp;<a href=\"https:\/\/vyseo.fr\/\" rel=\"nofollow\">https:\/\/vyseo.fr<\/a>&nbsp;se r\u00e9serve \u00e9galement la possibilit\u00e9 de mettre en cause la responsabilit\u00e9 civile et\/ou p\u00e9nale de l\u2019utilisateur, notamment en cas de message \u00e0 caract\u00e8re raciste, injurieux, diffamant, ou pornographique, quel que soit le support utilis\u00e9 (texte, photographie \u2026).<\/p><h2 class=\"wp-block-heading\">7. GESTION DES DONN\u00c9ES PERSONNELLES.<\/h2><p><\/p><p>Conform\u00e9ment au R\u00e8glement (UE) 2016\/679 relatif \u00e0 la protection des donn\u00e9es \u00e0 caract\u00e8re personnel, vous disposez des droits suivants sur vos donn\u00e9es&nbsp;: droit d\u2019acc\u00e8s, droit de rectification, droit \u00e0 l\u2019effacement (droit \u00e0 l\u2019oubli), droit d\u2019opposition, droit \u00e0 la limitation du traitement, droit \u00e0 la portabilit\u00e9. Vous pouvez \u00e9galement d\u00e9finir des directives relatives \u00e0 la conservation, \u00e0 l&rsquo;effacement et \u00e0 la communication de vos donn\u00e9es \u00e0 caract\u00e8re personnel apr\u00e8s votre d\u00e9c\u00e8s.<\/p><p>Vous pouvez, pour des motifs tenant \u00e0 votre situation particuli\u00e8re, vous opposer au traitement des donn\u00e9es vous concernant.<\/p><p>Pour exercer vos droits, merci d\u2019adresser votre courrier \u00e0 VYS\u00c9O &#8211; 4 rue de la R\u00e9publique, 69001 LYON ou&nbsp;contact@vyseo.studiomoovite.fr. Merci de joindre la copie d\u2019une pi\u00e8ce d\u2019identit\u00e9.<\/p><p>Sous r\u00e9serve d\u2019un manquement aux dispositions ci-dessus, vous avez le droit d\u2019introduire une r\u00e9clamation aupr\u00e8s de la CNIL.<\/p><h2 class=\"wp-block-heading\">8. DROIT APPLICABLE ET ATTRIBUTION DE JURIDICTION.<\/h2><p>Tout litige en relation avec l\u2019utilisation du site\u00a0<a href=\"https:\/\/vyseo.fr\" rel=\"nofollow\"><a href=\"https:\/\/vyseo.fr\/\">https:\/\/vyseo.fr<\/a><\/a>\u00a0est soumis au droit fran\u00e7ais. En dehors des cas o\u00f9 la loi ne le permet pas, il est fait attribution exclusive de juridiction aux tribunaux comp\u00e9tents de Lyon.<\/p><p><strong>&nbsp;DERNI\u00c8RE MISE \u00c0 JOUR : 17 NOVEMBRE 2022<\/strong><\/p><div style=\"height:100px\" aria-hidden=\"true\" class=\"wp-block-spacer\"><\/div>","protected":false},"excerpt":{"rendered":"<p>En vertu de l\u2019article 6 de la loi n\u00b0 2004-575 du 21 juin 2004 pour la confiance dans l\u2019\u00e9conomie num\u00e9rique, il est pr\u00e9cis\u00e9 aux utilisateurs du site internet&nbsp;:&nbsp;https:\/\/vyseo.fr&nbsp; l\u2019identit\u00e9 des diff\u00e9rents intervenants dans le cadre de sa r\u00e9alisation et de son suivi: VYS\u00c9O est une SARL au capital de 6800,00 euros dont le si\u00e8ge social [&hellip;]<\/p>\n","protected":false},"author":1,"featured_media":0,"parent":0,"menu_order":0,"comment_status":"closed","ping_status":"closed","template":"","meta":{"_acf_changed":false,"_et_pb_use_builder":"off","_et_pb_old_content":"","_et_gb_content_width":"1080","footnotes":""},"class_list":["post-24767","page","type-page","status-publish","hentry"],"acf":[],"yoast_head":"<!-- This site is optimized with the Yoast SEO plugin v24.2 - https:\/\/yoast.com\/wordpress\/plugins\/seo\/ -->\n<title>Mentions l\u00e9gales - Vyseo<\/title>\n<meta name=\"robots\" content=\"index, follow, max-snippet:-1, max-image-preview:large, max-video-preview:-1\" \/>\n<link rel=\"canonical\" href=\"https:\/\/vyseo.fr\/fr\/mentions-legales\/\" \/>\n<meta property=\"og:locale\" content=\"fr_FR\" \/>\n<meta property=\"og:type\" content=\"article\" \/>\n<meta property=\"og:title\" content=\"Mentions l\u00e9gales - Vyseo\" \/>\n<meta property=\"og:description\" content=\"En vertu de l\u2019article 6 de la loi n\u00b0 2004-575 du 21 juin 2004 pour la confiance dans l\u2019\u00e9conomie num\u00e9rique, il est pr\u00e9cis\u00e9 aux utilisateurs du site internet&nbsp;:&nbsp;https:\/\/vyseo.fr&nbsp; l\u2019identit\u00e9 des diff\u00e9rents intervenants dans le cadre de sa r\u00e9alisation et de son suivi: VYS\u00c9O est une SARL au capital de 6800,00 euros dont le si\u00e8ge social [&hellip;]\" \/>\n<meta property=\"og:url\" content=\"https:\/\/vyseo.fr\/fr\/mentions-legales\/\" \/>\n<meta property=\"og:site_name\" content=\"Vyseo\" \/>\n<meta property=\"article:modified_time\" content=\"2023-04-19T16:34:17+00:00\" \/>\n<meta name=\"twitter:card\" content=\"summary_large_image\" \/>\n<meta name=\"twitter:label1\" content=\"Dur\u00e9e de lecture estim\u00e9e\" \/>\n\t<meta name=\"twitter:data1\" content=\"8 minutes\" \/>\n<script type=\"application\/ld+json\" class=\"yoast-schema-graph\">{\"@context\":\"https:\/\/schema.org\",\"@graph\":[{\"@type\":\"WebPage\",\"@id\":\"https:\/\/vyseo.fr\/mentions-legales\/\",\"url\":\"https:\/\/vyseo.fr\/mentions-legales\/\",\"name\":\"Mentions l\u00e9gales - Vyseo\",\"isPartOf\":{\"@id\":\"https:\/\/vyseo.fr\/#website\"},\"datePublished\":\"2023-04-19T09:43:02+00:00\",\"dateModified\":\"2023-04-19T16:34:17+00:00\",\"breadcrumb\":{\"@id\":\"https:\/\/vyseo.fr\/mentions-legales\/#breadcrumb\"},\"inLanguage\":\"fr-FR\",\"potentialAction\":[{\"@type\":\"ReadAction\",\"target\":[\"https:\/\/vyseo.fr\/mentions-legales\/\"]}]},{\"@type\":\"BreadcrumbList\",\"@id\":\"https:\/\/vyseo.fr\/mentions-legales\/#breadcrumb\",\"itemListElement\":[{\"@type\":\"ListItem\",\"position\":1,\"name\":\"Accueil\",\"item\":\"https:\/\/vyseo.fr\/\"},{\"@type\":\"ListItem\",\"position\":2,\"name\":\"Mentions l\u00e9gales\"}]},{\"@type\":\"WebSite\",\"@id\":\"https:\/\/vyseo.fr\/#website\",\"url\":\"https:\/\/vyseo.fr\/\",\"name\":\"Vyseo\",\"description\":\"Le confort oculaire pour tous\",\"publisher\":{\"@id\":\"https:\/\/vyseo.fr\/#organization\"},\"potentialAction\":[{\"@type\":\"SearchAction\",\"target\":{\"@type\":\"EntryPoint\",\"urlTemplate\":\"https:\/\/vyseo.fr\/?s={search_term_string}\"},\"query-input\":{\"@type\":\"PropertyValueSpecification\",\"valueRequired\":true,\"valueName\":\"search_term_string\"}}],\"inLanguage\":\"fr-FR\"},{\"@type\":\"Organization\",\"@id\":\"https:\/\/vyseo.fr\/#organization\",\"name\":\"Vyseo\",\"url\":\"https:\/\/vyseo.fr\/\",\"logo\":{\"@type\":\"ImageObject\",\"inLanguage\":\"fr-FR\",\"@id\":\"https:\/\/vyseo.fr\/#\/schema\/logo\/image\/\",\"url\":\"https:\/\/vyseo.fr\/wp-content\/uploads\/2023\/04\/logo-vyseo.png\",\"contentUrl\":\"https:\/\/vyseo.fr\/wp-content\/uploads\/2023\/04\/logo-vyseo.png\",\"width\":300,\"height\":120,\"caption\":\"Vyseo\"},\"image\":{\"@id\":\"https:\/\/vyseo.fr\/#\/schema\/logo\/image\/\"}}]}<\/script>\n<!-- \/ Yoast SEO plugin. -->","yoast_head_json":{"title":"Mentions l\u00e9gales - Vyseo","robots":{"index":"index","follow":"follow","max-snippet":"max-snippet:-1","max-image-preview":"max-image-preview:large","max-video-preview":"max-video-preview:-1"},"canonical":"https:\/\/vyseo.fr\/fr\/mentions-legales\/","og_locale":"fr_FR","og_type":"article","og_title":"Mentions l\u00e9gales - Vyseo","og_description":"En vertu de l\u2019article 6 de la loi n\u00b0 2004-575 du 21 juin 2004 pour la confiance dans l\u2019\u00e9conomie num\u00e9rique, il est pr\u00e9cis\u00e9 aux utilisateurs du site internet&nbsp;:&nbsp;https:\/\/vyseo.fr&nbsp; l\u2019identit\u00e9 des diff\u00e9rents intervenants dans le cadre de sa r\u00e9alisation et de son suivi: VYS\u00c9O est une SARL au capital de 6800,00 euros dont le si\u00e8ge social [&hellip;]","og_url":"https:\/\/vyseo.fr\/fr\/mentions-legales\/","og_site_name":"Vyseo","article_modified_time":"2023-04-19T16:34:17+00:00","twitter_card":"summary_large_image","twitter_misc":{"Dur\u00e9e de lecture estim\u00e9e":"8 minutes"},"schema":{"@context":"https:\/\/schema.org","@graph":[{"@type":"WebPage","@id":"https:\/\/vyseo.fr\/mentions-legales\/","url":"https:\/\/vyseo.fr\/mentions-legales\/","name":"Mentions l\u00e9gales - Vyseo","isPartOf":{"@id":"https:\/\/vyseo.fr\/#website"},"datePublished":"2023-04-19T09:43:02+00:00","dateModified":"2023-04-19T16:34:17+00:00","breadcrumb":{"@id":"https:\/\/vyseo.fr\/mentions-legales\/#breadcrumb"},"inLanguage":"fr-FR","potentialAction":[{"@type":"ReadAction","target":["https:\/\/vyseo.fr\/mentions-legales\/"]}]},{"@type":"BreadcrumbList","@id":"https:\/\/vyseo.fr\/mentions-legales\/#breadcrumb","itemListElement":[{"@type":"ListItem","position":1,"name":"Accueil","item":"https:\/\/vyseo.fr\/"},{"@type":"ListItem","position":2,"name":"Mentions l\u00e9gales"}]},{"@type":"WebSite","@id":"https:\/\/vyseo.fr\/#website","url":"https:\/\/vyseo.fr\/","name":"Vyseo","description":"Le confort oculaire pour tous","publisher":{"@id":"https:\/\/vyseo.fr\/#organization"},"potentialAction":[{"@type":"SearchAction","target":{"@type":"EntryPoint","urlTemplate":"https:\/\/vyseo.fr\/?s={search_term_string}"},"query-input":{"@type":"PropertyValueSpecification","valueRequired":true,"valueName":"search_term_string"}}],"inLanguage":"fr-FR"},{"@type":"Organization","@id":"https:\/\/vyseo.fr\/#organization","name":"Vyseo","url":"https:\/\/vyseo.fr\/","logo":{"@type":"ImageObject","inLanguage":"fr-FR","@id":"https:\/\/vyseo.fr\/#\/schema\/logo\/image\/","url":"https:\/\/vyseo.fr\/wp-content\/uploads\/2023\/04\/logo-vyseo.png","contentUrl":"https:\/\/vyseo.fr\/wp-content\/uploads\/2023\/04\/logo-vyseo.png","width":300,"height":120,"caption":"Vyseo"},"image":{"@id":"https:\/\/vyseo.fr\/#\/schema\/logo\/image\/"}}]}},"_links":{"self":[{"href":"https:\/\/vyseo.fr\/fr\/wp-json\/wp\/v2\/pages\/24767","targetHints":{"allow":["GET"]}}],"collection":[{"href":"https:\/\/vyseo.fr\/fr\/wp-json\/wp\/v2\/pages"}],"about":[{"href":"https:\/\/vyseo.fr\/fr\/wp-json\/wp\/v2\/types\/page"}],"author":[{"embeddable":true,"href":"https:\/\/vyseo.fr\/fr\/wp-json\/wp\/v2\/users\/1"}],"replies":[{"embeddable":true,"href":"https:\/\/vyseo.fr\/fr\/wp-json\/wp\/v2\/comments?post=24767"}],"version-history":[{"count":4,"href":"https:\/\/vyseo.fr\/fr\/wp-json\/wp\/v2\/pages\/24767\/revisions"}],"predecessor-version":[{"id":24782,"href":"https:\/\/vyseo.fr\/fr\/wp-json\/wp\/v2\/pages\/24767\/revisions\/24782"}],"wp:attachment":[{"href":"https:\/\/vyseo.fr\/fr\/wp-json\/wp\/v2\/media?parent=24767"}],"curies":[{"name":"wp","href":"https:\/\/api.w.org\/{rel}","templated":true}]}}